{"id":1561,"date":"2025-10-06T10:34:46","date_gmt":"2025-10-06T10:34:46","guid":{"rendered":"https:\/\/acta.no\/agder\/?page_id=1561"},"modified":"2026-04-09T08:21:36","modified_gmt":"2026-04-09T08:21:36","slug":"leir","status":"publish","type":"page","link":"https:\/\/acta.no\/agder\/leir\/","title":{"rendered":"Leir"},"content":{"rendered":"<div class=\"gutenberg-content\">\n<figure class=\"wp-block-image size-large\"><img loading=\"lazy\" decoding=\"async\" width=\"1024\" height=\"439\" src=\"https:\/\/www.normisjon.no\/content\/uploads\/sites\/27\/2022\/05\/acta-leir-1024x439.jpeg\" alt=\"\" class=\"wp-image-358\" srcset=\"https:\/\/www.normisjon.no\/content\/uploads\/sites\/27\/2022\/05\/acta-leir-1024x439.jpeg 1024w, https:\/\/www.normisjon.no\/content\/uploads\/sites\/27\/2022\/05\/acta-leir-300x129.jpeg 300w, https:\/\/www.normisjon.no\/content\/uploads\/sites\/27\/2022\/05\/acta-leir-768x329.jpeg 768w, https:\/\/www.normisjon.no\/content\/uploads\/sites\/27\/2022\/05\/acta-leir-1360x583.jpeg 1360w, https:\/\/www.normisjon.no\/content\/uploads\/sites\/27\/2022\/05\/acta-leir-960x411.jpeg 960w, https:\/\/www.normisjon.no\/content\/uploads\/sites\/27\/2022\/05\/acta-leir.jpeg 1400w\" sizes=\"auto, (max-width: 1024px) 100vw, 1024px\" \/><\/figure>\n\n\n\n<p><strong>Sommerleir-p\u00e5melding \u00e5pner 19. april kl.18.00. Trykk\u00a0<a href=\"https:\/\/event.checkin.no\/221756\/acta-sommerleir-1-4-trinn-29-31-mai-fredheim-leirsted\">her<\/a>\u00a0for \u00e5 komme til p\u00e5melding for 1.-4.klasse leir og\u00a0<a href=\"https:\/\/event.checkin.no\/221759\/acta-sommerleir-4-7-trinn-5-7-juni-fredheim-leirsted\">her<\/a>\u00a0for 4.-7.klasse leir.<\/strong><\/p>\n\n\n\n<p>I Acta region Agder har vi vanligvis 3 puljer med leirer for barn og tweens hvert \u00e5r:<\/p>\n\n\n\n<ul class=\"wp-block-list\">\n<li>P\u00e5ske-\/vinterleirer mellom vinterferien og p\u00e5skeferien.<\/li>\n\n\n\n<li>Sommerleirer i juni.<\/li>\n\n\n\n<li>Adventsleirer i november\/desember.<\/li>\n<\/ul>\n\n\n\n<p>\u00c5 v\u00e6re p\u00e5 leir er noe helt spesielt. En helg p\u00e5 leir er dager hvor det meste som gj\u00f8res, gj\u00f8res sammen. Man spiser sammen, synger sammen, leker sammen, l\u00e6rer sammen og man sover p\u00e5 rom sammen. Alle er viktige og en unik del av fellesskapet. Vi har alltid et tema for leirene for \u00e5 bli bedre kjent med Gud. Det kan v\u00e6re for eksempel p\u00e5ske, f\u00f8lge Jesus, hvem er Gud, Den Hellige \u00c5nd, sammen med Gud og hverandre, etc.<\/p>\n\n\n\n<p>Vi jobber for at alle skal bli sett og f\u00e5 lov til \u00e5 v\u00e6re seg selv. Du f\u00e5r muligheten til \u00e5 bli kjent med nye mennesker, deg selv og Jesus.<\/p>\n\n\n\n<h3 class=\"wp-block-heading\"><strong>V\u00e5re leirsteder<\/strong><\/h3>\n\n\n\n<p>Vi pleier \u00e5 bruke flere leirsteder i Agder.&nbsp;<a href=\"http:\/\/www.fredheimleirsted.org\/\">Fredheim leirsted<\/a>&nbsp;p\u00e5 Vatnestr\u00f8m (midt i agder),&nbsp;<a href=\"https:\/\/sorlandetkrets.speiding.no\/sted\/solhogda-leirsted\/\">Solh\u00f8gda leirsted<\/a>&nbsp;ved Mj\u00e5vatn (\u00f8st i regionen),&nbsp;<a href=\"https:\/\/nb-no.facebook.com\/pages\/category\/Religious-Organization\/Skogtun-Kurs-og-leirsted-1573876476212728\/\">Skogtun leirsted<\/a>&nbsp;i Marnardal eller&nbsp;<a href=\"https:\/\/nb-no.facebook.com\/vigmostadhytta\/\">Vigmostadhytta<\/a>&nbsp;i Lindesnes (vest i regionen).<\/p>\n\n\n\n<p>Vi har ogs\u00e5 ungdomsleir\/-tur i l\u00f8pet av h\u00f8sten og v\u00e5ren, og disse har vi hatt p\u00e5 ulike steder.<\/p>\n\n\n\n<h3 class=\"wp-block-heading\"><strong>Et vanlig program p\u00e5 leir<\/strong><\/h3>\n\n\n\n<p>Et vanlig dagsprogram p\u00e5 leir vil inneholde: vekking, frokost, bibeltime, ulike temabaserte aktiviteter, lunsj, aktiviteter og lek fortsetter, middag, kiosk, underholdningskveld, Amigossamling og b\u00f8nnevandring.<\/p>\n\n\n\n<p>P\u00e5 Amigossamling f\u00e5r vi h\u00f8re om et innsamlingsprosjekt der vi er med og hjelper barn i et av Normisjon\/Acta sine misjonsland.<\/p>\n\n\n\n<h3 class=\"wp-block-heading\"><strong>Pakkeliste til leir<\/strong><\/h3>\n\n\n\n<p>Ta med:<\/p>\n\n\n\n<ul class=\"wp-block-list\">\n<li>Bibel\/Det nye testamentet<\/li>\n\n\n\n<li>Skrivesaker<\/li>\n\n\n\n<li>Sovepose, laken og putetrekk<\/li>\n\n\n\n<li>Toalettsaker og h\u00e5ndkle<\/li>\n\n\n\n<li>Utekl\u00e6r og innesko<\/li>\n\n\n\n<li>Penger til kiosk (max kr. 50,-) og evt penger til kollekt (til Amigosprosjektet)<br><em>NB! N\u00e5 i koronatiden foretrekker vi betaling med Vipps fremfor kontanter.<\/em><br><em>Dere f\u00e5r n\u00e6rmere beskjed om dette i e-post som sendes ut i forkant av leiren.<\/em><\/li>\n<\/ul>\n\n\n\n<p>I uken f\u00f8r leiren mottar man en e-post med mer informasjon.<\/p>\n\n\n\n<h3 class=\"wp-block-heading\"><strong>Trygg leir<\/strong><\/h3>\n\n\n\n<p>Et viktig fokus i leirarbeidet er trygg leir. Vi jobber bevisst med at v\u00e5re leirer skal v\u00e6re TRYGGE p\u00e5 alle m\u00e5ter, b\u00e5de fysisk, emosjonelt og \u00e5ndelig. Ta kontakt med oss om du eller noen andre har sp\u00f8rsm\u00e5l om dette. Barnet er p\u00e5 v\u00e5re leirer forsikret gjennom Acta. Du kan lese mer om det&nbsp;<a href=\"http:\/\/www.acta.as\/om-acta\/for-lokallag\/forsikring\">her<\/a>.<\/p>\n\n\n\n<h3 class=\"wp-block-heading\"><strong>Leirklubben i Agder<\/strong><\/h3>\n\n\n\n<p>Vi anbefaler alle \u00e5 melde seg inn i leirklubben v\u00e5r. Medlemskontingenten er kr 100,- per \u00e5r, og da f\u00e5r du kr. 150,- til 200,- i avslag pr. leir innenfor samme kalender\u00e5r. Medlemskap i leirklubben gir oss tilgang til&nbsp;\u00f8konomiske st\u00f8ttemidler slik at vi kan&nbsp;drive enda mer og bedre leir!<br>Les mer om leirklubben her:&nbsp;<a href=\"http:\/\/acta.no\/agder\/leirklubben\/\">Leirklubben<\/a><\/p>\n\n\n\n<h3 class=\"wp-block-heading\"><strong>Leirst\u00f8tte<\/strong><\/h3>\n\n\n\n<p>Vi i Acta \u00f8nsker at alle barn og unge skal kunne f\u00e5 v\u00e6re med p\u00e5 leir, uavhengig av \u00f8konomi. Dersom du av \u00f8konomiske \u00e5rsaker ikke har mulighet til \u00e5 sende ditt\/dine barn p\u00e5 leir, kan du s\u00f8ke om st\u00f8tte gjennom Actas leirst\u00f8tteordning. Ta i s\u00e5 fall kontakt med leirsjefen p\u00e5 den aktuelle leiren, s\u00e5 hjelper han\/hun deg med \u00e5 s\u00f8ke. Ikke v\u00e6r redd for \u00e5 ta kontakt vedr. dette!<br>Klikk her for \u00e5 lese mer om ordningen:&nbsp;<a href=\"https:\/\/acta.no\/lokallag\/drift-av-lokallag\/leirstotte\/\">Actas leirst\u00f8tteordning<\/a><\/p>\n\n\n\n<h3 class=\"wp-block-heading\">Avbestilling<\/h3>\n\n\n\n<p>P\u00e5meldingen er bindende. Ved avbestilling 10 \u2013 4 dager f\u00f8r leiren starter, tilkommer&nbsp;et gebyr tilsvarende 50 % av deltakeravgiften. Ved avbestilling 3 \u2013 0 dager f\u00f8r leirstart, m\u00e5 hele deltakeravgiften&nbsp;betales, da Acta m\u00e5 betale hele bel\u00f8pet for deltakeren til leirstedet (v\u00e5re faktiske kostnader for hver deltaker er i tillegg ogs\u00e5 h\u00f8yere enn deltakeravgiften). Avbestillingsgebyret gjelder ikke ved&nbsp;sykdom (legeerkl\u00e6ring m\u00e5 fremvises).<\/p>\n\n\n\n<p><strong>Vi \u00f8nsker deg hjertelig velkommen til Acta Agder sine leirer!<\/strong><\/p>\n<\/div>","protected":false},"excerpt":{"rendered":"<p>Sommerleir-p\u00e5melding \u00e5pner 19. april kl.18.00. Trykk\u00a0her\u00a0for \u00e5 komme til p\u00e5melding for 1.-4.klasse leir og\u00a0her\u00a0for 4.-7.klasse leir. I Acta region Agder har vi vanligvis 3 puljer med leirer for barn og tweens hvert \u00e5r: \u00c5 v\u00e6re p\u00e5 leir er noe helt spesielt. En helg p\u00e5 leir er dager hvor det meste som gj\u00f8res, gj\u00f8res sammen. Man [&hellip;]<\/p>\n","protected":false},"author":119,"featured_media":358,"parent":0,"menu_order":0,"comment_status":"closed","ping_status":"closed","template":"","meta":{"_acf_changed":false,"footnotes":""},"class_list":["post-1561","page","type-page","status-publish","has-post-thumbnail","hentry"],"acf":[],"yoast_head":"<!-- This site is optimized with the Yoast SEO plugin v25.9 - https:\/\/yoast.com\/wordpress\/plugins\/seo\/ -->\n<title>Leir - Acta Region Agder<\/title>\n<meta name=\"robots\" content=\"index, follow, max-snippet:-1, max-image-preview:large, max-video-preview:-1\" \/>\n<link rel=\"canonical\" href=\"https:\/\/acta.no\/agder\/leir\/\" \/>\n<meta property=\"og:locale\" content=\"nb_NO\" \/>\n<meta property=\"og:type\" content=\"article\" \/>\n<meta property=\"og:title\" content=\"Leir - Acta Region Agder\" \/>\n<meta property=\"og:description\" content=\"Sommerleir-p\u00e5melding \u00e5pner 19. april kl.18.00. Trykk\u00a0her\u00a0for \u00e5 komme til p\u00e5melding for 1.-4.klasse leir og\u00a0her\u00a0for 4.-7.klasse leir. I Acta region Agder har vi vanligvis 3 puljer med leirer for barn og tweens hvert \u00e5r: \u00c5 v\u00e6re p\u00e5 leir er noe helt spesielt. En helg p\u00e5 leir er dager hvor det meste som gj\u00f8res, gj\u00f8res sammen. Man [&hellip;]\" \/>\n<meta property=\"og:url\" content=\"https:\/\/acta.no\/agder\/leir\/\" \/>\n<meta property=\"og:site_name\" content=\"Acta Region Agder\" \/>\n<meta property=\"article:modified_time\" content=\"2026-04-09T08:21:36+00:00\" \/>\n<meta property=\"og:image\" content=\"https:\/\/www.normisjon.no\/content\/uploads\/sites\/27\/2022\/05\/acta-leir.jpeg\" \/>\n\t<meta property=\"og:image:width\" content=\"1400\" \/>\n\t<meta property=\"og:image:height\" content=\"600\" \/>\n\t<meta property=\"og:image:type\" content=\"image\/jpeg\" \/>\n<meta name=\"twitter:card\" content=\"summary_large_image\" \/>\n<meta name=\"twitter:label1\" content=\"Ansl. lesetid\" \/>\n\t<meta name=\"twitter:data1\" content=\"4 minutter\" \/>\n<script type=\"application\/ld+json\" class=\"yoast-schema-graph\">{\"@context\":\"https:\/\/schema.org\",\"@graph\":[{\"@type\":\"WebPage\",\"@id\":\"https:\/\/acta.no\/agder\/leir\/\",\"url\":\"https:\/\/acta.no\/agder\/leir\/\",\"name\":\"Leir - Acta Region Agder\",\"isPartOf\":{\"@id\":\"https:\/\/acta.no\/agder\/#website\"},\"primaryImageOfPage\":{\"@id\":\"https:\/\/acta.no\/agder\/leir\/#primaryimage\"},\"image\":{\"@id\":\"https:\/\/acta.no\/agder\/leir\/#primaryimage\"},\"thumbnailUrl\":\"https:\/\/www.normisjon.no\/content\/uploads\/sites\/27\/2022\/05\/acta-leir.jpeg\",\"datePublished\":\"2025-10-06T10:34:46+00:00\",\"dateModified\":\"2026-04-09T08:21:36+00:00\",\"breadcrumb\":{\"@id\":\"https:\/\/acta.no\/agder\/leir\/#breadcrumb\"},\"inLanguage\":\"nb-NO\",\"potentialAction\":[{\"@type\":\"ReadAction\",\"target\":[\"https:\/\/acta.no\/agder\/leir\/\"]}]},{\"@type\":\"ImageObject\",\"inLanguage\":\"nb-NO\",\"@id\":\"https:\/\/acta.no\/agder\/leir\/#primaryimage\",\"url\":\"https:\/\/www.normisjon.no\/content\/uploads\/sites\/27\/2022\/05\/acta-leir.jpeg\",\"contentUrl\":\"https:\/\/www.normisjon.no\/content\/uploads\/sites\/27\/2022\/05\/acta-leir.jpeg\",\"width\":1400,\"height\":600},{\"@type\":\"BreadcrumbList\",\"@id\":\"https:\/\/acta.no\/agder\/leir\/#breadcrumb\",\"itemListElement\":[{\"@type\":\"ListItem\",\"position\":1,\"name\":\"Til acta.no\",\"item\":\"https:\/\/acta.no\/\"},{\"@type\":\"ListItem\",\"position\":2,\"name\":\"Region Agder\",\"item\":\"https:\/\/acta.no\/agder\/\"},{\"@type\":\"ListItem\",\"position\":3,\"name\":\"Leir\"}]},{\"@type\":\"WebSite\",\"@id\":\"https:\/\/acta.no\/agder\/#website\",\"url\":\"https:\/\/acta.no\/agder\/\",\"name\":\"Acta Region Agder\",\"description\":\"Agder\",\"potentialAction\":[{\"@type\":\"SearchAction\",\"target\":{\"@type\":\"EntryPoint\",\"urlTemplate\":\"https:\/\/acta.no\/agder\/?s={search_term_string}\"},\"query-input\":{\"@type\":\"PropertyValueSpecification\",\"valueRequired\":true,\"valueName\":\"search_term_string\"}}],\"inLanguage\":\"nb-NO\"}]}<\/script>\n<!-- \/ Yoast SEO plugin. -->","yoast_head_json":{"title":"Leir - Acta Region Agder","robots":{"index":"index","follow":"follow","max-snippet":"max-snippet:-1","max-image-preview":"max-image-preview:large","max-video-preview":"max-video-preview:-1"},"canonical":"https:\/\/acta.no\/agder\/leir\/","og_locale":"nb_NO","og_type":"article","og_title":"Leir - Acta Region Agder","og_description":"Sommerleir-p\u00e5melding \u00e5pner 19. april kl.18.00. Trykk\u00a0her\u00a0for \u00e5 komme til p\u00e5melding for 1.-4.klasse leir og\u00a0her\u00a0for 4.-7.klasse leir. I Acta region Agder har vi vanligvis 3 puljer med leirer for barn og tweens hvert \u00e5r: \u00c5 v\u00e6re p\u00e5 leir er noe helt spesielt. En helg p\u00e5 leir er dager hvor det meste som gj\u00f8res, gj\u00f8res sammen. Man [&hellip;]","og_url":"https:\/\/acta.no\/agder\/leir\/","og_site_name":"Acta Region Agder","article_modified_time":"2026-04-09T08:21:36+00:00","og_image":[{"width":1400,"height":600,"url":"https:\/\/www.normisjon.no\/content\/uploads\/sites\/27\/2022\/05\/acta-leir.jpeg","type":"image\/jpeg"}],"twitter_card":"summary_large_image","twitter_misc":{"Ansl. lesetid":"4 minutter"},"schema":{"@context":"https:\/\/schema.org","@graph":[{"@type":"WebPage","@id":"https:\/\/acta.no\/agder\/leir\/","url":"https:\/\/acta.no\/agder\/leir\/","name":"Leir - Acta Region Agder","isPartOf":{"@id":"https:\/\/acta.no\/agder\/#website"},"primaryImageOfPage":{"@id":"https:\/\/acta.no\/agder\/leir\/#primaryimage"},"image":{"@id":"https:\/\/acta.no\/agder\/leir\/#primaryimage"},"thumbnailUrl":"https:\/\/www.normisjon.no\/content\/uploads\/sites\/27\/2022\/05\/acta-leir.jpeg","datePublished":"2025-10-06T10:34:46+00:00","dateModified":"2026-04-09T08:21:36+00:00","breadcrumb":{"@id":"https:\/\/acta.no\/agder\/leir\/#breadcrumb"},"inLanguage":"nb-NO","potentialAction":[{"@type":"ReadAction","target":["https:\/\/acta.no\/agder\/leir\/"]}]},{"@type":"ImageObject","inLanguage":"nb-NO","@id":"https:\/\/acta.no\/agder\/leir\/#primaryimage","url":"https:\/\/www.normisjon.no\/content\/uploads\/sites\/27\/2022\/05\/acta-leir.jpeg","contentUrl":"https:\/\/www.normisjon.no\/content\/uploads\/sites\/27\/2022\/05\/acta-leir.jpeg","width":1400,"height":600},{"@type":"BreadcrumbList","@id":"https:\/\/acta.no\/agder\/leir\/#breadcrumb","itemListElement":[{"@type":"ListItem","position":1,"name":"Til acta.no","item":"https:\/\/acta.no\/"},{"@type":"ListItem","position":2,"name":"Region Agder","item":"https:\/\/acta.no\/agder\/"},{"@type":"ListItem","position":3,"name":"Leir"}]},{"@type":"WebSite","@id":"https:\/\/acta.no\/agder\/#website","url":"https:\/\/acta.no\/agder\/","name":"Acta Region Agder","description":"Agder","potentialAction":[{"@type":"SearchAction","target":{"@type":"EntryPoint","urlTemplate":"https:\/\/acta.no\/agder\/?s={search_term_string}"},"query-input":{"@type":"PropertyValueSpecification","valueRequired":true,"valueName":"search_term_string"}}],"inLanguage":"nb-NO"}]}},"_links":{"self":[{"href":"https:\/\/acta.no\/agder\/wp-json\/wp\/v2\/pages\/1561","targetHints":{"allow":["GET"]}}],"collection":[{"href":"https:\/\/acta.no\/agder\/wp-json\/wp\/v2\/pages"}],"about":[{"href":"https:\/\/acta.no\/agder\/wp-json\/wp\/v2\/types\/page"}],"author":[{"embeddable":true,"href":"https:\/\/acta.no\/agder\/wp-json\/wp\/v2\/users\/119"}],"replies":[{"embeddable":true,"href":"https:\/\/acta.no\/agder\/wp-json\/wp\/v2\/comments?post=1561"}],"version-history":[{"count":7,"href":"https:\/\/acta.no\/agder\/wp-json\/wp\/v2\/pages\/1561\/revisions"}],"predecessor-version":[{"id":1688,"href":"https:\/\/acta.no\/agder\/wp-json\/wp\/v2\/pages\/1561\/revisions\/1688"}],"wp:featuredmedia":[{"embeddable":true,"href":"https:\/\/acta.no\/agder\/wp-json\/wp\/v2\/media\/358"}],"wp:attachment":[{"href":"https:\/\/acta.no\/agder\/wp-json\/wp\/v2\/media?parent=1561"}],"curies":[{"name":"wp","href":"https:\/\/api.w.org\/{rel}","templated":true}]}}